{"id":1406,"date":"2025-09-12T11:59:07","date_gmt":"2025-09-12T09:59:07","guid":{"rendered":"https:\/\/english-camp.at\/?page_id=1406"},"modified":"2025-11-06T16:23:51","modified_gmt":"2025-11-06T15:23:51","slug":"spenden","status":"publish","type":"page","link":"https:\/\/english-camp.at\/en\/mitarbeiter\/spenden\/","title":{"rendered":"Donate"},"content":{"rendered":"<div data-elementor-type=\"wp-page\" data-elementor-id=\"1406\" class=\"elementor elementor-1406\">\n\t\t\t\t<div class=\"elementor-element elementor-element-31b9002 e-con-full e-flex e-con e-parent\" data-id=\"31b9002\" data-element_type=\"container\" data-e-type=\"container\" data-settings=\"{&quot;background_background&quot;:&quot;classic&quot;}\">\n\t\t\t\t<div class=\"elementor-element elementor-element-9b69356 elementor-widget elementor-widget-heading\" data-id=\"9b69356\" data-element_type=\"widget\" data-e-type=\"widget\" data-widget_type=\"heading.default\">\n\t\t\t\t<div class=\"elementor-widget-container\">\n\t\t\t\t\t<h1 class=\"elementor-heading-title elementor-size-default\">Donate Online<\/h1>\t\t\t\t<\/div>\n\t\t\t\t<\/div>\n\t\t\t\t<\/div>\n\t\t<div class=\"elementor-element elementor-element-b7df8c3 e-flex e-con-boxed e-con e-parent\" data-id=\"b7df8c3\" data-element_type=\"container\" data-e-type=\"container\">\n\t\t\t\t\t<div class=\"e-con-inner\">\n\t\t<div class=\"elementor-element elementor-element-4077775 e-con-full e-flex e-con e-child\" data-id=\"4077775\" data-element_type=\"container\" data-e-type=\"container\">\n\t\t\t\t<div class=\"elementor-element elementor-element-ba3c709 elementor-widget elementor-widget-heading\" data-id=\"ba3c709\" data-element_type=\"widget\" data-e-type=\"widget\" data-widget_type=\"heading.default\">\n\t\t\t\t<div class=\"elementor-widget-container\">\n\t\t\t\t\t<h1 class=\"elementor-heading-title elementor-size-default\">Thank You For Your Support!<\/h1>\t\t\t\t<\/div>\n\t\t\t\t<\/div>\n\t\t\t\t<div class=\"elementor-element elementor-element-276aa7b elementor-widget elementor-widget-text-editor\" data-id=\"276aa7b\" data-element_type=\"widget\" data-e-type=\"widget\" data-widget_type=\"text-editor.default\">\n\t\t\t\t<div class=\"elementor-widget-container\">\n\t\t\t\t\t\t\t\t\t<p><span style=\"font-weight: 400;\">Your generosity helps make English Camp possible for youth who might not otherwise be able to attend. Through the <\/span><b>Scholarship Fund<\/b><span style=\"font-weight: 400;\"> you give students the chance to experience the best week of their summer. Every gift, no matter the size, makes a real difference in the life of a camper and we are deeply grateful for your partnership in impacting the next generation.<\/span><\/p>\t\t\t\t\t\t\t\t<\/div>\n\t\t\t\t<\/div>\n\t\t\t\t<\/div>\n\t\t<div class=\"elementor-element elementor-element-febe40c e-con-full e-flex e-con e-child\" data-id=\"febe40c\" data-element_type=\"container\" data-e-type=\"container\">\n\t\t\t\t<div class=\"elementor-element elementor-element-1193ad9 elementor-hidden-mobile elementor-widget elementor-widget-image\" data-id=\"1193ad9\" data-element_type=\"widget\" data-e-type=\"widget\" data-widget_type=\"image.default\">\n\t\t\t\t<div class=\"elementor-widget-container\">\n\t\t\t\t\t\t\t\t\t\t\t\t\t\t\t<img fetchpriority=\"high\" decoding=\"async\" width=\"915\" height=\"1024\" src=\"https:\/\/english-camp.at\/wp-content\/uploads\/2025\/10\/English-Camp-Austria-R5-01-915x1024.png\" class=\"attachment-large size-large wp-image-2017\" alt=\"\" srcset=\"https:\/\/english-camp.at\/wp-content\/uploads\/2025\/10\/English-Camp-Austria-R5-01-915x1024.png 915w, https:\/\/english-camp.at\/wp-content\/uploads\/2025\/10\/English-Camp-Austria-R5-01-268x300.png 268w, https:\/\/english-camp.at\/wp-content\/uploads\/2025\/10\/English-Camp-Austria-R5-01-768x859.png 768w, https:\/\/english-camp.at\/wp-content\/uploads\/2025\/10\/English-Camp-Austria-R5-01-1373x1536.png 1373w, https:\/\/english-camp.at\/wp-content\/uploads\/2025\/10\/English-Camp-Austria-R5-01-1831x2048.png 1831w, https:\/\/english-camp.at\/wp-content\/uploads\/2025\/10\/English-Camp-Austria-R5-01-11x12.png 11w\" sizes=\"(max-width: 915px) 100vw, 915px\" \/>\t\t\t\t\t\t\t\t\t\t\t\t\t\t\t<\/div>\n\t\t\t\t<\/div>\n\t\t\t\t<\/div>\n\t\t\t\t\t<\/div>\n\t\t\t\t<\/div>\n\t\t<div class=\"elementor-element elementor-element-35aa32c e-flex e-con-boxed e-con e-parent\" data-id=\"35aa32c\" data-element_type=\"container\" data-e-type=\"container\">\n\t\t\t\t\t<div class=\"e-con-inner\">\n\t\t\t\t<div class=\"elementor-element elementor-element-ff2f150 elementor-widget elementor-widget-spacer\" data-id=\"ff2f150\" data-element_type=\"widget\" data-e-type=\"widget\" data-widget_type=\"spacer.default\">\n\t\t\t\t<div class=\"elementor-widget-container\">\n\t\t\t\t\t\t\t<div class=\"elementor-spacer\">\n\t\t\t<div class=\"elementor-spacer-inner\"><\/div>\n\t\t<\/div>\n\t\t\t\t\t\t<\/div>\n\t\t\t\t<\/div>\n\t\t\t\t<div class=\"elementor-element elementor-element-0121b4a eael-flipbox-content-align-center elementor-widget elementor-widget-eael-flip-box\" data-id=\"0121b4a\" data-element_type=\"widget\" data-e-type=\"widget\" data-widget_type=\"eael-flip-box.default\">\n\t\t\t\t<div class=\"elementor-widget-container\">\n\t\t\t\t\t        <div class=\"eael-elements-flip-box-container eael-animate-flip eael-animate-right eael-content eael-flip-box-click eael-flipbox-fixed-height eael-flipbox-dynamic\">\n\n            <div class=\"eael-elements-flip-box-flip-card\">\n                <div class=\"eael-elements-flip-box-front-container\">\n                    \n                    \n                        <div class=\"eael-elements-slider-display-table\">\n                            <div class=\"eael-elements-flip-box-vertical-align\">\n                                <div class=\"eael-elements-flip-box-padding\">\n                                    <div class=\"eael-elements-flip-box-icon-image\">\n                                                                                    <svg aria-hidden=\"true\" class=\"ea-flipbox-icon e-font-icon-svg e-fas-money-check-alt\" viewbox=\"0 0 640 512\" xmlns=\"http:\/\/www.w3.org\/2000\/svg\"><path d=\"M608 32H32C14.33 32 0 46.33 0 64v384c0 17.67 14.33 32 32 32h576c17.67 0 32-14.33 32-32V64c0-17.67-14.33-32-32-32zM176 327.88V344c0 4.42-3.58 8-8 8h-16c-4.42 0-8-3.58-8-8v-16.29c-11.29-.58-22.27-4.52-31.37-11.35-3.9-2.93-4.1-8.77-.57-12.14l11.75-11.21c2.77-2.64 6.89-2.76 10.13-.73 3.87 2.42 8.26 3.72 12.82 3.72h28.11c6.5 0 11.8-5.92 11.8-13.19 0-5.95-3.61-11.19-8.77-12.73l-45-13.5c-18.59-5.58-31.58-23.42-31.58-43.39 0-24.52 19.05-44.44 42.67-45.07V152c0-4.42 3.58-8 8-8h16c4.42 0 8 3.58 8 8v16.29c11.29.58 22.27 4.51 31.37 11.35 3.9 2.93 4.1 8.77.57 12.14l-11.75 11.21c-2.77 2.64-6.89 2.76-10.13.73-3.87-2.43-8.26-3.72-12.82-3.72h-28.11c-6.5 0-11.8 5.92-11.8 13.19 0 5.95 3.61 11.19 8.77 12.73l45 13.5c18.59 5.58 31.58 23.42 31.58 43.39 0 24.53-19.05 44.44-42.67 45.07zM416 312c0 4.42-3.58 8-8 8H296c-4.42 0-8-3.58-8-8v-16c0-4.42 3.58-8 8-8h112c4.42 0 8 3.58 8 8v16zm160 0c0 4.42-3.58 8-8 8h-80c-4.42 0-8-3.58-8-8v-16c0-4.42 3.58-8 8-8h80c4.42 0 8 3.58 8 8v16zm0-96c0 4.42-3.58 8-8 8H296c-4.42 0-8-3.58-8-8v-16c0-4.42 3.58-8 8-8h272c4.42 0 8 3.58 8 8v16z\"><\/path><\/svg>                                                                                    <\/div>\n                                    <h2 class=\"eael-elements-flip-box-heading\">DONATE TO THE SCHOLARSHIP FUND<\/h2>                                    <div class=\"eael-elements-flip-box-content\">\n\t                                                                        <\/div>\n                                <\/div>\n                            <\/div>\n                        <\/div>\n                                    <\/div>\n\n                <div class=\"eael-elements-flip-box-rear-container\">\n                                                                <div class=\"eael-elements-slider-display-table\">\n                            <div class=\"eael-elements-flip-box-vertical-align\">\n                                <div class=\"eael-elements-flip-box-padding\">\n                                                                            <div class=\"eael-elements-flip-box-icon-image\">\n                                            <svg aria-hidden=\"true\" class=\"ea-flipbox-icon e-font-icon-svg e-fas-money-check-alt\" viewbox=\"0 0 640 512\" xmlns=\"http:\/\/www.w3.org\/2000\/svg\"><path d=\"M608 32H32C14.33 32 0 46.33 0 64v384c0 17.67 14.33 32 32 32h576c17.67 0 32-14.33 32-32V64c0-17.67-14.33-32-32-32zM176 327.88V344c0 4.42-3.58 8-8 8h-16c-4.42 0-8-3.58-8-8v-16.29c-11.29-.58-22.27-4.52-31.37-11.35-3.9-2.93-4.1-8.77-.57-12.14l11.75-11.21c2.77-2.64 6.89-2.76 10.13-.73 3.87 2.42 8.26 3.72 12.82 3.72h28.11c6.5 0 11.8-5.92 11.8-13.19 0-5.95-3.61-11.19-8.77-12.73l-45-13.5c-18.59-5.58-31.58-23.42-31.58-43.39 0-24.52 19.05-44.44 42.67-45.07V152c0-4.42 3.58-8 8-8h16c4.42 0 8 3.58 8 8v16.29c11.29.58 22.27 4.51 31.37 11.35 3.9 2.93 4.1 8.77.57 12.14l-11.75 11.21c-2.77 2.64-6.89 2.76-10.13.73-3.87-2.43-8.26-3.72-12.82-3.72h-28.11c-6.5 0-11.8 5.92-11.8 13.19 0 5.95 3.61 11.19 8.77 12.73l45 13.5c18.59 5.58 31.58 23.42 31.58 43.39 0 24.53-19.05 44.44-42.67 45.07zM416 312c0 4.42-3.58 8-8 8H296c-4.42 0-8-3.58-8-8v-16c0-4.42 3.58-8 8-8h112c4.42 0 8 3.58 8 8v16zm160 0c0 4.42-3.58 8-8 8h-80c-4.42 0-8-3.58-8-8v-16c0-4.42 3.58-8 8-8h80c4.42 0 8 3.58 8 8v16zm0-96c0 4.42-3.58 8-8 8H296c-4.42 0-8-3.58-8-8v-16c0-4.42 3.58-8 8-8h272c4.42 0 8 3.58 8 8v16z\"><\/path><\/svg>                                                <\/div>\n                                                                                                            <h2 class=\"eael-elements-flip-box-heading\">MAKE OUT DONATIONS TO:<\/h2>\n                                                                        <div class=\"eael-elements-flip-box-content\">\n                                        <p><span style=\"font-weight: 400\"><strong>Recipient:<\/strong> BEG &#8211; English Camp<br \/><\/span><span style=\"font-weight: 400\"><strong>IBAN:<\/strong> AT44 1200 0094 4681 8808<br \/><\/span><span style=\"font-weight: 400\"><strong>BIC:<\/strong> BKAUATWW<br \/><\/span><span style=\"font-weight: 400\"><strong>Memo\/Reason<\/strong>: Scholarship Fund<\/span><\/p>                                    <\/div>\n\n                                                                    <\/div>\n                            <\/div>\n                        <\/div>\n                                    <\/div>\n            <\/div>\n        <\/div>\n        \t\t\t\t<\/div>\n\t\t\t\t<\/div>\n\t\t\t\t<div class=\"elementor-element elementor-element-f7246b3 elementor-widget elementor-widget-spacer\" data-id=\"f7246b3\" data-element_type=\"widget\" data-e-type=\"widget\" data-widget_type=\"spacer.default\">\n\t\t\t\t<div class=\"elementor-widget-container\">\n\t\t\t\t\t\t\t<div class=\"elementor-spacer\">\n\t\t\t<div class=\"elementor-spacer-inner\"><\/div>\n\t\t<\/div>\n\t\t\t\t\t\t<\/div>\n\t\t\t\t<\/div>\n\t\t\t\t\t<\/div>\n\t\t\t\t<\/div>\n\t\t<div class=\"elementor-element elementor-element-ed4aff2 e-con-full e-flex e-con e-parent\" data-id=\"ed4aff2\" data-element_type=\"container\" data-e-type=\"container\">\n\t\t\t\t<div class=\"elementor-element elementor-element-1c86cf4 elementor-widget-divider--view-line elementor-widget elementor-widget-divider\" data-id=\"1c86cf4\" data-element_type=\"widget\" data-e-type=\"widget\" data-widget_type=\"divider.default\">\n\t\t\t\t<div class=\"elementor-widget-container\">\n\t\t\t\t\t\t\t<div class=\"elementor-divider\">\n\t\t\t<span class=\"elementor-divider-separator\">\n\t\t\t\t\t\t<\/span>\n\t\t<\/div>\n\t\t\t\t\t\t<\/div>\n\t\t\t\t<\/div>\n\t\t\t\t<\/div>\n\t\t\t\t<\/div>","protected":false},"excerpt":{"rendered":"<p>Online spenden Vielen Dank F\u00fcr Deine Unterst\u00fctzung! Deine Gro\u00dfz\u00fcgigkeit erm\u00f6glicht Jugendlichen, die sich eine Teilnahme sonst nicht leisten k\u00f6nnten, trotzdem [&hellip;]<\/p>\n","protected":false},"author":2,"featured_media":0,"parent":2466,"menu_order":0,"comment_status":"closed","ping_status":"closed","template":"","meta":{"_monsterinsights_skip_tracking":false,"_monsterinsights_sitenote_active":false,"_monsterinsights_sitenote_note":"","_monsterinsights_sitenote_category":0,"site-sidebar-layout":"no-sidebar","site-content-layout":"","ast-site-content-layout":"full-width-container","site-content-style":"default","site-sidebar-style":"default","ast-global-header-display":"","ast-banner-title-visibility":"","ast-main-header-display":"","ast-hfb-above-header-display":"","ast-hfb-below-header-display":"","ast-hfb-mobile-header-display":"","site-post-title":"disabled","ast-breadcrumbs-content":"","ast-featured-img":"disabled","footer-sml-layout":"","ast-disable-related-posts":"","theme-transparent-header-meta":"","adv-header-id-meta":"","stick-header-meta":"","header-above-stick-meta":"","header-main-stick-meta":"","header-below-stick-meta":"","astra-migrate-meta-layouts":"default","ast-page-background-enabled":"default","ast-page-background-meta":{"desktop":{"background-color":"var(--ast-global-color-4)","background-image":"","background-repeat":"repeat","background-position":"center center","background-size":"auto","background-attachment":"scroll","background-type":"","background-media":"","overlay-type":"","overlay-color":"","overlay-opacity":"","overlay-gradient":""},"tablet":{"background-color":"","background-image":"","background-repeat":"repeat","background-position":"center center","background-size":"auto","background-attachment":"scroll","background-type":"","background-media":"","overlay-type":"","overlay-color":"","overlay-opacity":"","overlay-gradient":""},"mobile":{"background-color":"","background-image":"","background-repeat":"repeat","background-position":"center center","background-size":"auto","background-attachment":"scroll","background-type":"","background-media":"","overlay-type":"","overlay-color":"","overlay-opacity":"","overlay-gradient":""}},"ast-content-background-meta":{"desktop":{"background-color":"var(--ast-global-color-5)","background-image":"","background-repeat":"repeat","background-position":"center center","background-size":"auto","background-attachment":"scroll","background-type":"","background-media":"","overlay-type":"","overlay-color":"","overlay-opacity":"","overlay-gradient":""},"tablet":{"background-color":"var(--ast-global-color-5)","background-image":"","background-repeat":"repeat","background-position":"center center","background-size":"auto","background-attachment":"scroll","background-type":"","background-media":"","overlay-type":"","overlay-color":"","overlay-opacity":"","overlay-gradient":""},"mobile":{"background-color":"var(--ast-global-color-5)","background-image":"","background-repeat":"repeat","background-position":"center center","background-size":"auto","background-attachment":"scroll","background-type":"","background-media":"","overlay-type":"","overlay-color":"","overlay-opacity":"","overlay-gradient":""}},"footnotes":""},"class_list":["post-1406","page","type-page","status-publish","hentry"],"yoast_head":"<!-- This site is optimized with the Yoast SEO plugin v27.4 - https:\/\/yoast.com\/product\/yoast-seo-wordpress\/ -->\n<title>Donate - English Camp Austria<\/title>\n<meta name=\"robots\" content=\"index, follow, max-snippet:-1, max-image-preview:large, max-video-preview:-1\" \/>\n<link rel=\"canonical\" href=\"https:\/\/english-camp.at\/en\/mitarbeiter\/spenden\/\" \/>\n<meta property=\"og:locale\" content=\"en_US\" \/>\n<meta property=\"og:type\" content=\"article\" \/>\n<meta property=\"og:title\" content=\"Donate - English Camp Austria\" \/>\n<meta property=\"og:description\" content=\"Online spenden Vielen Dank F\u00fcr Deine Unterst\u00fctzung! Deine Gro\u00dfz\u00fcgigkeit erm\u00f6glicht Jugendlichen, die sich eine Teilnahme sonst nicht leisten k\u00f6nnten, trotzdem [&hellip;]\" \/>\n<meta property=\"og:url\" content=\"https:\/\/english-camp.at\/en\/mitarbeiter\/spenden\/\" \/>\n<meta property=\"og:site_name\" content=\"English Camp Austria\" \/>\n<meta property=\"article:modified_time\" content=\"2025-11-06T15:23:51+00:00\" \/>\n<meta property=\"og:image\" content=\"https:\/\/english-camp.at\/wp-content\/uploads\/2025\/10\/English-Camp-Austria-R5-01-scaled.png\" \/>\n\t<meta property=\"og:image:width\" content=\"2288\" \/>\n\t<meta property=\"og:image:height\" content=\"2560\" \/>\n\t<meta property=\"og:image:type\" content=\"image\/png\" \/>\n<meta name=\"twitter:card\" content=\"summary_large_image\" \/>\n<meta name=\"twitter:label1\" content=\"Est. reading time\" \/>\n\t<meta name=\"twitter:data1\" content=\"1 minute\" \/>\n<script type=\"application\/ld+json\" class=\"yoast-schema-graph\">{\"@context\":\"https:\\\/\\\/schema.org\",\"@graph\":[{\"@type\":\"WebPage\",\"@id\":\"https:\\\/\\\/english-camp.at\\\/mitarbeiter\\\/spenden\\\/\",\"url\":\"https:\\\/\\\/english-camp.at\\\/mitarbeiter\\\/spenden\\\/\",\"name\":\"Donate - English Camp Austria\",\"isPartOf\":{\"@id\":\"https:\\\/\\\/english-camp.at\\\/#website\"},\"primaryImageOfPage\":{\"@id\":\"https:\\\/\\\/english-camp.at\\\/mitarbeiter\\\/spenden\\\/#primaryimage\"},\"image\":{\"@id\":\"https:\\\/\\\/english-camp.at\\\/mitarbeiter\\\/spenden\\\/#primaryimage\"},\"thumbnailUrl\":\"https:\\\/\\\/english-camp.at\\\/wp-content\\\/uploads\\\/2025\\\/10\\\/English-Camp-Austria-R5-01-915x1024.png\",\"datePublished\":\"2025-09-12T09:59:07+00:00\",\"dateModified\":\"2025-11-06T15:23:51+00:00\",\"breadcrumb\":{\"@id\":\"https:\\\/\\\/english-camp.at\\\/mitarbeiter\\\/spenden\\\/#breadcrumb\"},\"inLanguage\":\"en-US\",\"potentialAction\":[{\"@type\":\"ReadAction\",\"target\":[\"https:\\\/\\\/english-camp.at\\\/mitarbeiter\\\/spenden\\\/\"]}]},{\"@type\":\"ImageObject\",\"inLanguage\":\"en-US\",\"@id\":\"https:\\\/\\\/english-camp.at\\\/mitarbeiter\\\/spenden\\\/#primaryimage\",\"url\":\"https:\\\/\\\/english-camp.at\\\/wp-content\\\/uploads\\\/2025\\\/10\\\/English-Camp-Austria-R5-01-915x1024.png\",\"contentUrl\":\"https:\\\/\\\/english-camp.at\\\/wp-content\\\/uploads\\\/2025\\\/10\\\/English-Camp-Austria-R5-01-915x1024.png\"},{\"@type\":\"BreadcrumbList\",\"@id\":\"https:\\\/\\\/english-camp.at\\\/mitarbeiter\\\/spenden\\\/#breadcrumb\",\"itemListElement\":[{\"@type\":\"ListItem\",\"position\":1,\"name\":\"Home\",\"item\":\"https:\\\/\\\/english-camp.at\\\/\"},{\"@type\":\"ListItem\",\"position\":2,\"name\":\"Serve\",\"item\":\"https:\\\/\\\/english-camp.at\\\/mitarbeiter\\\/\"},{\"@type\":\"ListItem\",\"position\":3,\"name\":\"Donate\"}]},{\"@type\":\"WebSite\",\"@id\":\"https:\\\/\\\/english-camp.at\\\/#website\",\"url\":\"https:\\\/\\\/english-camp.at\\\/\",\"name\":\"English-Camp.at\",\"description\":\"The Best Week of your Summer\",\"publisher\":{\"@id\":\"https:\\\/\\\/english-camp.at\\\/#organization\"},\"potentialAction\":[{\"@type\":\"SearchAction\",\"target\":{\"@type\":\"EntryPoint\",\"urlTemplate\":\"https:\\\/\\\/english-camp.at\\\/?s={search_term_string}\"},\"query-input\":{\"@type\":\"PropertyValueSpecification\",\"valueRequired\":true,\"valueName\":\"search_term_string\"}}],\"inLanguage\":\"en-US\"},{\"@type\":\"Organization\",\"@id\":\"https:\\\/\\\/english-camp.at\\\/#organization\",\"name\":\"English Camp Austria\",\"url\":\"https:\\\/\\\/english-camp.at\\\/\",\"logo\":{\"@type\":\"ImageObject\",\"inLanguage\":\"en-US\",\"@id\":\"https:\\\/\\\/english-camp.at\\\/#\\\/schema\\\/logo\\\/image\\\/\",\"url\":\"https:\\\/\\\/english-camp.at\\\/wp-content\\\/uploads\\\/2025\\\/06\\\/English-Camp-Austria-R5-01-scaled.png\",\"contentUrl\":\"https:\\\/\\\/english-camp.at\\\/wp-content\\\/uploads\\\/2025\\\/06\\\/English-Camp-Austria-R5-01-scaled.png\",\"width\":2288,\"height\":2560,\"caption\":\"English Camp Austria\"},\"image\":{\"@id\":\"https:\\\/\\\/english-camp.at\\\/#\\\/schema\\\/logo\\\/image\\\/\"},\"sameAs\":[\"https:\\\/\\\/www.instagram.com\\\/englishcampaustria\\\/\"]}]}<\/script>\n<!-- \/ Yoast SEO plugin. -->","yoast_head_json":{"title":"Donate - English Camp Austria","robots":{"index":"index","follow":"follow","max-snippet":"max-snippet:-1","max-image-preview":"max-image-preview:large","max-video-preview":"max-video-preview:-1"},"canonical":"https:\/\/english-camp.at\/en\/mitarbeiter\/spenden\/","og_locale":"en_US","og_type":"article","og_title":"Donate - English Camp Austria","og_description":"Online spenden Vielen Dank F\u00fcr Deine Unterst\u00fctzung! Deine Gro\u00dfz\u00fcgigkeit erm\u00f6glicht Jugendlichen, die sich eine Teilnahme sonst nicht leisten k\u00f6nnten, trotzdem [&hellip;]","og_url":"https:\/\/english-camp.at\/en\/mitarbeiter\/spenden\/","og_site_name":"English Camp Austria","article_modified_time":"2025-11-06T15:23:51+00:00","og_image":[{"width":2288,"height":2560,"url":"https:\/\/english-camp.at\/wp-content\/uploads\/2025\/10\/English-Camp-Austria-R5-01-scaled.png","type":"image\/png"}],"twitter_card":"summary_large_image","twitter_misc":{"Est. reading time":"1 minute"},"schema":{"@context":"https:\/\/schema.org","@graph":[{"@type":"WebPage","@id":"https:\/\/english-camp.at\/mitarbeiter\/spenden\/","url":"https:\/\/english-camp.at\/mitarbeiter\/spenden\/","name":"Donate - English Camp Austria","isPartOf":{"@id":"https:\/\/english-camp.at\/#website"},"primaryImageOfPage":{"@id":"https:\/\/english-camp.at\/mitarbeiter\/spenden\/#primaryimage"},"image":{"@id":"https:\/\/english-camp.at\/mitarbeiter\/spenden\/#primaryimage"},"thumbnailUrl":"https:\/\/english-camp.at\/wp-content\/uploads\/2025\/10\/English-Camp-Austria-R5-01-915x1024.png","datePublished":"2025-09-12T09:59:07+00:00","dateModified":"2025-11-06T15:23:51+00:00","breadcrumb":{"@id":"https:\/\/english-camp.at\/mitarbeiter\/spenden\/#breadcrumb"},"inLanguage":"en-US","potentialAction":[{"@type":"ReadAction","target":["https:\/\/english-camp.at\/mitarbeiter\/spenden\/"]}]},{"@type":"ImageObject","inLanguage":"en-US","@id":"https:\/\/english-camp.at\/mitarbeiter\/spenden\/#primaryimage","url":"https:\/\/english-camp.at\/wp-content\/uploads\/2025\/10\/English-Camp-Austria-R5-01-915x1024.png","contentUrl":"https:\/\/english-camp.at\/wp-content\/uploads\/2025\/10\/English-Camp-Austria-R5-01-915x1024.png"},{"@type":"BreadcrumbList","@id":"https:\/\/english-camp.at\/mitarbeiter\/spenden\/#breadcrumb","itemListElement":[{"@type":"ListItem","position":1,"name":"Home","item":"https:\/\/english-camp.at\/"},{"@type":"ListItem","position":2,"name":"Serve","item":"https:\/\/english-camp.at\/mitarbeiter\/"},{"@type":"ListItem","position":3,"name":"Donate"}]},{"@type":"WebSite","@id":"https:\/\/english-camp.at\/#website","url":"https:\/\/english-camp.at\/","name":"English-Camp.at","description":"The Best Week of your Summer","publisher":{"@id":"https:\/\/english-camp.at\/#organization"},"potentialAction":[{"@type":"SearchAction","target":{"@type":"EntryPoint","urlTemplate":"https:\/\/english-camp.at\/?s={search_term_string}"},"query-input":{"@type":"PropertyValueSpecification","valueRequired":true,"valueName":"search_term_string"}}],"inLanguage":"en-US"},{"@type":"Organization","@id":"https:\/\/english-camp.at\/#organization","name":"English Camp Austria","url":"https:\/\/english-camp.at\/","logo":{"@type":"ImageObject","inLanguage":"en-US","@id":"https:\/\/english-camp.at\/#\/schema\/logo\/image\/","url":"https:\/\/english-camp.at\/wp-content\/uploads\/2025\/06\/English-Camp-Austria-R5-01-scaled.png","contentUrl":"https:\/\/english-camp.at\/wp-content\/uploads\/2025\/06\/English-Camp-Austria-R5-01-scaled.png","width":2288,"height":2560,"caption":"English Camp Austria"},"image":{"@id":"https:\/\/english-camp.at\/#\/schema\/logo\/image\/"},"sameAs":["https:\/\/www.instagram.com\/englishcampaustria\/"]}]}},"_links":{"self":[{"href":"https:\/\/english-camp.at\/en\/wp-json\/wp\/v2\/pages\/1406","targetHints":{"allow":["GET"]}}],"collection":[{"href":"https:\/\/english-camp.at\/en\/wp-json\/wp\/v2\/pages"}],"about":[{"href":"https:\/\/english-camp.at\/en\/wp-json\/wp\/v2\/types\/page"}],"author":[{"embeddable":true,"href":"https:\/\/english-camp.at\/en\/wp-json\/wp\/v2\/users\/2"}],"replies":[{"embeddable":true,"href":"https:\/\/english-camp.at\/en\/wp-json\/wp\/v2\/comments?post=1406"}],"version-history":[{"count":10,"href":"https:\/\/english-camp.at\/en\/wp-json\/wp\/v2\/pages\/1406\/revisions"}],"predecessor-version":[{"id":2675,"href":"https:\/\/english-camp.at\/en\/wp-json\/wp\/v2\/pages\/1406\/revisions\/2675"}],"up":[{"embeddable":true,"href":"https:\/\/english-camp.at\/en\/wp-json\/wp\/v2\/pages\/2466"}],"wp:attachment":[{"href":"https:\/\/english-camp.at\/en\/wp-json\/wp\/v2\/media?parent=1406"}],"curies":[{"name":"wp","href":"https:\/\/api.w.org\/{rel}","templated":true}]}}